{"id":1967,"date":"2017-01-10T14:08:56","date_gmt":"2017-01-10T13:08:56","guid":{"rendered":"https:\/\/www.tetraing.com\/es\/?page_id=1967"},"modified":"2022-04-20T12:44:00","modified_gmt":"2022-04-20T10:44:00","slug":"tecnologia","status":"publish","type":"page","link":"https:\/\/www.tetraing.com\/es\/tecnologia\/","title":{"rendered":"Tecnolog\u00eda"},"content":{"rendered":"<p><div class=\"fusion-fullwidth fullwidth-box fusion-builder-row-1 hundred-percent-fullwidth non-hundred-percent-height-scrolling\" style=\"--awb-border-radius-top-left:0px;--awb-border-radius-top-right:0px;--awb-border-radius-bottom-right:0px;--awb-border-radius-bottom-left:0px;--awb-overflow:visible;--awb-padding-right:30px;--awb-padding-left:30px;--awb-margin-top:15px;--awb-margin-bottom:15px;--awb-background-color:rgba(255,255,255,0);--awb-flex-wrap:wrap;\" ><div class=\"fusion-builder-row fusion-row\"><div class=\"fusion-layout-column fusion_builder_column fusion-builder-column-0 fusion_builder_column_1_1 1_1 fusion-one-full fusion-column-first fusion-column-last fusion-column-no-min-height\" style=\"--awb-bg-size:cover;--awb-margin-bottom:0px;\"><div class=\"fusion-column-wrapper fusion-flex-column-wrapper-legacy\"><div class=\"fusion-sep-clear\"><\/div><div class=\"fusion-separator\" style=\"margin-left: auto;margin-right: auto;width:100%;max-width:170px;\"><\/div><div class=\"fusion-sep-clear\"><\/div><div class=\"fusion-clearfix\"><\/div><\/div><\/div><\/div><\/div><div class=\"fusion-fullwidth fullwidth-box fusion-builder-row-2 nonhundred-percent-fullwidth non-hundred-percent-height-scrolling fusion-equal-height-columns\" style=\"--awb-background-position:left top;--awb-border-radius-top-left:0px;--awb-border-radius-top-right:0px;--awb-border-radius-bottom-right:0px;--awb-border-radius-bottom-left:0px;--awb-padding-top:70px;--awb-padding-bottom:20px;--awb-border-sizes-top:0px;--awb-border-sizes-bottom:0px;--awb-flex-wrap:wrap;\" ><div class=\"fusion-builder-row fusion-row\"><div class=\"fusion-layout-column fusion_builder_column fusion-builder-column-1 fusion_builder_column_1_1 1_1 fusion-one-full fusion-column-first fusion-column-last fusion-column-no-min-height\" style=\"--awb-bg-size:cover;--awb-margin-bottom:0px;\"><div class=\"fusion-column-wrapper fusion-flex-column-wrapper-legacy\"><div class=\"fusion-text fusion-text-1\"><h1 style=\"text-align: center; font-size: 28px; line-height: 34px; color: #3b4251;\"><b class=\"b5\">Tecnolog\u00edas vers\u00e1tiles y de \u00faltima generaci\u00f3n para cada proceso de fabricaci\u00f3n<\/b><\/h1>\n<\/div><div class=\"fusion-sep-clear\"><\/div><div class=\"fusion-separator\" style=\"margin-left: auto;margin-right: auto;margin-top:15px;margin-bottom:65px;width:100%;max-width:170px;\"><div class=\"fusion-separator-border sep-single sep-solid\" style=\"--awb-height:20px;--awb-amount:20px;--awb-sep-color:#dfdddd;border-color:#dfdddd;border-top-width:1px;\"><\/div><\/div><div class=\"fusion-sep-clear\"><\/div><div class=\"fusion-clearfix\"><\/div><\/div><\/div><div class=\"fusion-layout-column fusion_builder_column fusion-builder-column-2 fusion_builder_column_1_2 1_2 fusion-one-half fusion-column-first\" style=\"--awb-padding-top:40px;--awb-padding-right:40px;--awb-padding-bottom:40px;--awb-padding-left:40px;--awb-bg-color:#ffffff;--awb-bg-color-hover:#ffffff;--awb-bg-size:cover;--awb-border-color:#67b7e1;--awb-border-top:5px;--awb-border-style:solid;\"><div class=\"fusion-column-wrapper fusion-flex-column-wrapper-legacy\"><div class=\"accordian fusion-accordian\" style=\"--awb-border-size:1px;--awb-icon-size:16px;--awb-content-font-size:14px;--awb-icon-alignment:left;--awb-hover-color:var(--awb-color2);--awb-border-color:var(--awb-color3);--awb-background-color:var(--awb-color1);--awb-divider-color:#e0dede;--awb-divider-hover-color:#e0dede;--awb-icon-color:var(--awb-color1);--awb-title-color:#67b7e1;--awb-content-color:#666666;--awb-icon-box-color:#333333;--awb-toggle-hover-accent-color:#67b7e1;--awb-title-font-family:&quot;Raleway&quot;;--awb-title-font-weight:800;--awb-title-font-style:normal;--awb-content-font-family:&quot;Open Sans&quot;;--awb-content-font-style:normal;--awb-content-font-weight:400;\"><div class=\"panel-group fusion-toggle-icon-boxed\" id=\"accordion-1967-1\"><div class=\"fusion-panel panel-default panel-0af6793b65d52a5e3 fusion-toggle-has-divider\"><div class=\"panel-heading\"><h4 class=\"panel-title toggle\" id=\"toggle_0af6793b65d52a5e3\"><a aria-expanded=\"false\" aria-controls=\"0af6793b65d52a5e3\" role=\"button\" data-toggle=\"collapse\" data-parent=\"#accordion-1967-1\" data-target=\"#0af6793b65d52a5e3\" href=\"#0af6793b65d52a5e3\"><span class=\"fusion-toggle-icon-wrapper\" aria-hidden=\"true\"><i class=\"fa-fusion-box active-icon awb-icon-minus\" aria-hidden=\"true\"><\/i><i class=\"fa-fusion-box inactive-icon awb-icon-plus\" aria-hidden=\"true\"><\/i><\/span><span class=\"fusion-toggle-heading\">Rob\u00f3tica y Humanoides<\/span><\/a><\/h4><\/div><div id=\"0af6793b65d52a5e3\" class=\"panel-collapse collapse \" aria-labelledby=\"toggle_0af6793b65d52a5e3\"><div class=\"panel-body toggle-content fusion-clearfix\">\n<h4>\u00bfQUIERES LA MEJOR SOLUCI\u00d3N ROB\u00d3TICA?=<strong>TETRA Ing<\/strong><\/h4>\n<p>Tetra estudia e integra la soluci\u00f3n rob\u00f3tica en su espacio de trabajo para lograr una mejora en su producci\u00f3n. Integramos el robot para cada aplicaci\u00f3n compartiendo nuestro conocimiento en los procesos de producci\u00f3n y las soluciones automatizadas:<\/p>\n<ul>\n<li>Pegamento\/cola.<\/li>\n<li>Atornillado.<\/li>\n<li>Taladro.<\/li>\n<li>Clipado.<\/li>\n<li>Manipulaci\u00f3n.<\/li>\n<li>Control de movimiento num\u00e9rico.<\/li>\n<li>Control por visi\u00f3n.<\/li>\n<li>Embalado.<\/li>\n<li>Paletizaci\u00f3n.<\/li>\n<li>Pulverizaci\u00f3n.<\/li>\n<\/ul>\n<p><span style=\"color: #3b4251;\"><strong>Collaborative Robot:\u00a0<\/strong><\/span> Si necesita un manejo sencillo, podemos proponer la soluci\u00f3n Collaborative Robot. Se maneja con una sola tablet t\u00e1ctil.<\/p>\n<p><span style=\"color: #3b4251;\"><strong>Humanoides:<\/strong><\/span> \u00a0El Humanoide es la soluci\u00f3n flexible para la producci\u00f3n manual.<\/p>\n<p><strong>Nuestras referencias en Robotica:<\/strong><\/p>\n<p>ABB, FANUC, ST\u00c4UBLI, KUKA, MITSUBISHI, DENSO, HYUNDAI, UNIVERSAL ROBOT, NEXTAGE.<\/div><\/div><\/div><div class=\"fusion-panel panel-default panel-8292a77ecc91092de fusion-toggle-has-divider\"><div class=\"panel-heading\"><h4 class=\"panel-title toggle\" id=\"toggle_8292a77ecc91092de\"><a aria-expanded=\"false\" aria-controls=\"8292a77ecc91092de\" role=\"button\" data-toggle=\"collapse\" data-parent=\"#accordion-1967-1\" data-target=\"#8292a77ecc91092de\" href=\"#8292a77ecc91092de\"><span class=\"fusion-toggle-icon-wrapper\" aria-hidden=\"true\"><i class=\"fa-fusion-box active-icon awb-icon-minus\" aria-hidden=\"true\"><\/i><i class=\"fa-fusion-box inactive-icon awb-icon-plus\" aria-hidden=\"true\"><\/i><\/span><span class=\"fusion-toggle-heading\">Visi\u00f3n Artificial<\/span><\/a><\/h4><\/div><div id=\"8292a77ecc91092de\" class=\"panel-collapse collapse \" aria-labelledby=\"toggle_8292a77ecc91092de\"><div class=\"panel-body toggle-content fusion-clearfix\">\n<h4><span style=\"color: #3b4251;\">\u00bfQuieres una SOLUCI\u00d3N PARA MEJORAR TU TRABAJO? <\/span><\/h4>\n<h4><span style=\"color: #3b4251;\">\u00bfCansado de tener sistemas de visi\u00f3n que no son productivos y fiables?<\/span><\/h4>\n<h4><span style=\"color: #3b4251;\">TETRA tiene larga experiencia y solucines para cualquier visi\u00f3n avanzada en la m\u00e1quina que usted necesite.<\/span><\/h4>\n<p>Coincidencia, medici\u00f3n, visi\u00f3n 3D, inspecci\u00f3n 360\u00ba, orientaci\u00f3n de robot, detecci\u00f3n de defectos, verificaci\u00f3n de color, calibraci\u00f3n, lectura y control de c\u00f3digos de barras, iluminaci\u00f3n.<\/p>\n<p>3 Opciones de aplicaci\u00f3n:<\/p>\n<ul>\n<li><span style=\"color: #3b4251;\"><strong>Soluci\u00f3n completa de visi\u00f3n abierta<\/strong><\/span> con sistema de c\u00e1mara, procesador de computador industrial y software. Evoluci\u00f3n completa y sistema flexible. Posibilidad de conexi\u00f3n con Ethernet, salida de entrada digital, serie RS232 \/ 485.<\/li>\n<li><span style=\"color: #3b4251;\"><strong>Soluci\u00f3n de visi\u00f3n cerrada<\/strong><\/span> con c\u00e1mara y procesador con software integrado.<\/li>\n<li><span style=\"color: #3b4251;\"><strong>Soluci\u00f3n de c\u00e1mara inteligente compacta<\/strong><\/span> , c\u00e1mara cerrada y muy peque\u00f1a tipo BOA y \/ o sensor de visi\u00f3n. Computadora y software integrados en la c\u00e1mara.<\/li>\n<\/ul>\n<p><span style=\"color: #3b4251;\"><strong>Nuestras Referencias:<\/strong><\/span><\/p>\n<p>TELEDYNE DALSA and SHERLOCK vision software,\u00a0HALCON vision application,\u00a0OMRON,\u00a0QUEYENCE,\u00a0PANASONIC,\u00a0DATALOGIC,\u00a0COGNEX.<\/div><\/div><\/div><div class=\"fusion-panel panel-default panel-762ec476a77d9203d fusion-toggle-has-divider\"><div class=\"panel-heading\"><h4 class=\"panel-title toggle\" id=\"toggle_762ec476a77d9203d\"><a aria-expanded=\"false\" aria-controls=\"762ec476a77d9203d\" role=\"button\" data-toggle=\"collapse\" data-parent=\"#accordion-1967-1\" data-target=\"#762ec476a77d9203d\" href=\"#762ec476a77d9203d\"><span class=\"fusion-toggle-icon-wrapper\" aria-hidden=\"true\"><i class=\"fa-fusion-box active-icon awb-icon-minus\" aria-hidden=\"true\"><\/i><i class=\"fa-fusion-box inactive-icon awb-icon-plus\" aria-hidden=\"true\"><\/i><\/span><span class=\"fusion-toggle-heading\">Ultrasonidos<\/span><\/a><\/h4><\/div><div id=\"762ec476a77d9203d\" class=\"panel-collapse collapse \" aria-labelledby=\"toggle_762ec476a77d9203d\"><div class=\"panel-body toggle-content fusion-clearfix\">\n<h4>M\u00e1quina y dispositivo para TRATAMIENTO DE ALIMENTOS, AUTOMOTRIZ, COSM\u00c9TICA, INDUSTRIA M\u00c9DICA, TEXTILES, TECNOLOG\u00cdA DE EMBALAJE, APARATO DOM\u00c9STICO.<\/h4>\n<p><span style=\"color: #3b4251;\"><strong>Soldadura ultras\u00f3nica:<\/strong><\/span><\/p>\n<ul>\n<li>Soldadura continua.<\/li>\n<li>Soldadura por giro.<\/li>\n<li>Soldadura de placas calientes.<\/li>\n<li>Soldadura de aire caliente.<\/li>\n<li>Soldadura por vibraci\u00f3n.<\/li>\n<\/ul>\n<p><span style=\"color: #3b4251;\"><strong>Corte por ultrasonidos:<br \/>\n<\/strong> <\/span><\/p>\n<p>Nuestro dispositivo y m\u00e1quina est\u00e1ndar para el <strong>corte de alimentos.<\/strong>.<\/p>\n<ul>\n<li>M\u00e1quina completamente autom\u00e1tica..<\/li>\n<li>M\u00e1quina semi autom\u00e1tica.<\/li>\n<li>M\u00e1quina manual.<\/li>\n<\/ul>\n<p>Proponemos generadores, emisores y sonotrodos Titan. Dispositivo manual o autom\u00e1tico con pantalla LCD, control integrado de frecuencia, potencia y energ\u00eda, sistema de refrigeraci\u00f3n sonotrode, interfaz de operador multiling\u00fce, conexi\u00f3n Ethernet.<\/p>\n<p><span style=\"color: #3b4251;\"><strong>Nuestras referencias:<\/strong><\/span><\/p>\n<p>MECASONIC<\/div><\/div><\/div><div class=\"fusion-panel panel-default panel-92ea8b83f53f675ce fusion-toggle-has-divider\"><div class=\"panel-heading\"><h4 class=\"panel-title toggle\" id=\"toggle_92ea8b83f53f675ce\"><a aria-expanded=\"false\" aria-controls=\"92ea8b83f53f675ce\" role=\"button\" data-toggle=\"collapse\" data-parent=\"#accordion-1967-1\" data-target=\"#92ea8b83f53f675ce\" href=\"#92ea8b83f53f675ce\"><span class=\"fusion-toggle-icon-wrapper\" aria-hidden=\"true\"><i class=\"fa-fusion-box active-icon awb-icon-minus\" aria-hidden=\"true\"><\/i><i class=\"fa-fusion-box inactive-icon awb-icon-plus\" aria-hidden=\"true\"><\/i><\/span><span class=\"fusion-toggle-heading\">Sistemas de Eficiencia Energ\u00e9tica<\/span><\/a><\/h4><\/div><div id=\"92ea8b83f53f675ce\" class=\"panel-collapse collapse \" aria-labelledby=\"toggle_92ea8b83f53f675ce\"><div class=\"panel-body toggle-content fusion-clearfix\">\n<h4><strong>\u00bfQuiere un sistema de ahorro de energ\u00eda para su aplicaci\u00f3n? TETRA le propone la soluci\u00f3n. Fabricamos maquinaria el\u00e9ctrica de consumo reducido.<br \/>\n<\/strong><\/h4>\n<ul>\n<li>Controlador de frecuencia variable (AFD).<\/li>\n<li>Convertidores digitales.<\/li>\n<li>Control de drivers, power unit, motor.<\/li>\n<li>Control preciso de velocidad y par.<\/li>\n<li>Alto rendimiento din\u00e1mico.<\/li>\n<li>Tiempos de respuesta muy r\u00e1pidos.<\/li>\n<\/ul>\n<\/div><\/div><\/div><div class=\"fusion-panel panel-default panel-65fd9ca04315aa9c0 fusion-toggle-has-divider\"><div class=\"panel-heading\"><h4 class=\"panel-title toggle\" id=\"toggle_65fd9ca04315aa9c0\"><a aria-expanded=\"false\" aria-controls=\"65fd9ca04315aa9c0\" role=\"button\" data-toggle=\"collapse\" data-parent=\"#accordion-1967-1\" data-target=\"#65fd9ca04315aa9c0\" href=\"#65fd9ca04315aa9c0\"><span class=\"fusion-toggle-icon-wrapper\" aria-hidden=\"true\"><i class=\"fa-fusion-box active-icon awb-icon-minus\" aria-hidden=\"true\"><\/i><i class=\"fa-fusion-box inactive-icon awb-icon-plus\" aria-hidden=\"true\"><\/i><\/span><span class=\"fusion-toggle-heading\">Servo - Motor - Comando num\u00e9rico por ordenador<\/span><\/a><\/h4><\/div><div id=\"65fd9ca04315aa9c0\" class=\"panel-collapse collapse \" aria-labelledby=\"toggle_65fd9ca04315aa9c0\"><div class=\"panel-body toggle-content fusion-clearfix\">\n<ul>\n<ul>\n<li>Servo drivers y servomotores AC.<\/li>\n<\/ul>\n<\/ul>\n<p>&nbsp;<\/p>\n<ul>\n<li>Servomotores de engranajes.<\/li>\n<li>Aplicaci\u00f3n especial farmac\u00e9utica y procesamiento de alimentos.<\/li>\n<li>Diferentes tama\u00f1os a elegir, pares de aceleraci\u00f3n y velocidad, inercia alta o baja.<\/li>\n<\/ul>\n<\/div><\/div><\/div><div class=\"fusion-panel panel-default panel-2b277e4fdda64e203 fusion-toggle-has-divider\"><div class=\"panel-heading\"><h4 class=\"panel-title toggle\" id=\"toggle_2b277e4fdda64e203\"><a aria-expanded=\"false\" aria-controls=\"2b277e4fdda64e203\" role=\"button\" data-toggle=\"collapse\" data-parent=\"#accordion-1967-1\" data-target=\"#2b277e4fdda64e203\" href=\"#2b277e4fdda64e203\"><span class=\"fusion-toggle-icon-wrapper\" aria-hidden=\"true\"><i class=\"fa-fusion-box active-icon awb-icon-minus\" aria-hidden=\"true\"><\/i><i class=\"fa-fusion-box inactive-icon awb-icon-plus\" aria-hidden=\"true\"><\/i><\/span><span class=\"fusion-toggle-heading\">L\u00e1ser, medici\u00f3n y esc\u00e1ner 3D<\/span><\/a><\/h4><\/div><div id=\"2b277e4fdda64e203\" class=\"panel-collapse collapse \" aria-labelledby=\"toggle_2b277e4fdda64e203\"><div class=\"panel-body toggle-content fusion-clearfix\"><\/div><\/div><\/div><div class=\"fusion-panel panel-default panel-16a1edafc117fe609 fusion-toggle-has-divider\"><div class=\"panel-heading\"><h4 class=\"panel-title toggle\" id=\"toggle_16a1edafc117fe609\"><a aria-expanded=\"false\" aria-controls=\"16a1edafc117fe609\" role=\"button\" data-toggle=\"collapse\" data-parent=\"#accordion-1967-1\" data-target=\"#16a1edafc117fe609\" href=\"#16a1edafc117fe609\"><span class=\"fusion-toggle-icon-wrapper\" aria-hidden=\"true\"><i class=\"fa-fusion-box active-icon awb-icon-minus\" aria-hidden=\"true\"><\/i><i class=\"fa-fusion-box inactive-icon awb-icon-plus\" aria-hidden=\"true\"><\/i><\/span><span class=\"fusion-toggle-heading\">Automatizaci\u00f3n y Programaci\u00f3n<\/span><\/a><\/h4><\/div><div id=\"16a1edafc117fe609\" class=\"panel-collapse collapse \" aria-labelledby=\"toggle_16a1edafc117fe609\"><div class=\"panel-body toggle-content fusion-clearfix\"><\/div><\/div><\/div><div class=\"fusion-panel panel-default panel-0d350ff2f896fe513 fusion-toggle-has-divider\"><div class=\"panel-heading\"><h4 class=\"panel-title toggle\" id=\"toggle_0d350ff2f896fe513\"><a aria-expanded=\"false\" aria-controls=\"0d350ff2f896fe513\" role=\"button\" data-toggle=\"collapse\" data-parent=\"#accordion-1967-1\" data-target=\"#0d350ff2f896fe513\" href=\"#0d350ff2f896fe513\"><span class=\"fusion-toggle-icon-wrapper\" aria-hidden=\"true\"><i class=\"fa-fusion-box active-icon awb-icon-minus\" aria-hidden=\"true\"><\/i><i class=\"fa-fusion-box inactive-icon awb-icon-plus\" aria-hidden=\"true\"><\/i><\/span><span class=\"fusion-toggle-heading\">Hidr\u00e1ulica y neum\u00e1tica<\/span><\/a><\/h4><\/div><div id=\"0d350ff2f896fe513\" class=\"panel-collapse collapse \" aria-labelledby=\"toggle_0d350ff2f896fe513\"><div class=\"panel-body toggle-content fusion-clearfix\"><\/div><\/div><\/div><div class=\"fusion-panel panel-default panel-4e350d8833d5d269d fusion-toggle-has-divider\"><div class=\"panel-heading\"><h4 class=\"panel-title toggle\" id=\"toggle_4e350d8833d5d269d\"><a aria-expanded=\"false\" aria-controls=\"4e350d8833d5d269d\" role=\"button\" data-toggle=\"collapse\" data-parent=\"#accordion-1967-1\" data-target=\"#4e350d8833d5d269d\" href=\"#4e350d8833d5d269d\"><span class=\"fusion-toggle-icon-wrapper\" aria-hidden=\"true\"><i class=\"fa-fusion-box active-icon awb-icon-minus\" aria-hidden=\"true\"><\/i><i class=\"fa-fusion-box inactive-icon awb-icon-plus\" aria-hidden=\"true\"><\/i><\/span><span class=\"fusion-toggle-heading\">Sensores de fibra \u00f3ptica, inductivos, capacitivos, fotoc\u00e9lulas y l\u00e1ser<\/span><\/a><\/h4><\/div><div id=\"4e350d8833d5d269d\" class=\"panel-collapse collapse \" aria-labelledby=\"toggle_4e350d8833d5d269d\"><div class=\"panel-body toggle-content fusion-clearfix\"><\/div><\/div><\/div><div class=\"fusion-panel panel-default panel-4f6a41e72c200c472 fusion-toggle-has-divider\"><div class=\"panel-heading\"><h4 class=\"panel-title toggle\" id=\"toggle_4f6a41e72c200c472\"><a aria-expanded=\"false\" aria-controls=\"4f6a41e72c200c472\" role=\"button\" data-toggle=\"collapse\" data-parent=\"#accordion-1967-1\" data-target=\"#4f6a41e72c200c472\" href=\"#4f6a41e72c200c472\"><span class=\"fusion-toggle-icon-wrapper\" aria-hidden=\"true\"><i class=\"fa-fusion-box active-icon awb-icon-minus\" aria-hidden=\"true\"><\/i><i class=\"fa-fusion-box inactive-icon awb-icon-plus\" aria-hidden=\"true\"><\/i><\/span><span class=\"fusion-toggle-heading\">Mecanizado de materiales duros y blandos<\/span><\/a><\/h4><\/div><div id=\"4f6a41e72c200c472\" class=\"panel-collapse collapse \" aria-labelledby=\"toggle_4f6a41e72c200c472\"><div class=\"panel-body toggle-content fusion-clearfix\"><\/div><\/div><\/div><div class=\"fusion-panel panel-default panel-149a001a77c5f6649 fusion-toggle-has-divider\"><div class=\"panel-heading\"><h4 class=\"panel-title toggle\" id=\"toggle_149a001a77c5f6649\"><a aria-expanded=\"false\" aria-controls=\"149a001a77c5f6649\" role=\"button\" data-toggle=\"collapse\" data-parent=\"#accordion-1967-1\" data-target=\"#149a001a77c5f6649\" href=\"#149a001a77c5f6649\"><span class=\"fusion-toggle-icon-wrapper\" aria-hidden=\"true\"><i class=\"fa-fusion-box active-icon awb-icon-minus\" aria-hidden=\"true\"><\/i><i class=\"fa-fusion-box inactive-icon awb-icon-plus\" aria-hidden=\"true\"><\/i><\/span><span class=\"fusion-toggle-heading\">Control de seguridad en el \u00e1rea de trabajo<\/span><\/a><\/h4><\/div><div id=\"149a001a77c5f6649\" class=\"panel-collapse collapse \" aria-labelledby=\"toggle_149a001a77c5f6649\"><div class=\"panel-body toggle-content fusion-clearfix\"><\/div><\/div><\/div><div class=\"fusion-panel panel-default panel-45d25543a01949c39 fusion-toggle-has-divider\"><div class=\"panel-heading\"><h4 class=\"panel-title toggle\" id=\"toggle_45d25543a01949c39\"><a aria-expanded=\"false\" aria-controls=\"45d25543a01949c39\" role=\"button\" data-toggle=\"collapse\" data-parent=\"#accordion-1967-1\" data-target=\"#45d25543a01949c39\" href=\"#45d25543a01949c39\"><span class=\"fusion-toggle-icon-wrapper\" aria-hidden=\"true\"><i class=\"fa-fusion-box active-icon awb-icon-minus\" aria-hidden=\"true\"><\/i><i class=\"fa-fusion-box inactive-icon awb-icon-plus\" aria-hidden=\"true\"><\/i><\/span><span class=\"fusion-toggle-heading\">Impresoras 3D<\/span><\/a><\/h4><\/div><div id=\"45d25543a01949c39\" class=\"panel-collapse collapse \" aria-labelledby=\"toggle_45d25543a01949c39\"><div class=\"panel-body toggle-content fusion-clearfix\"><\/div><\/div><\/div><\/div><\/div><div class=\"fusion-clearfix\"><\/div><\/div><\/div><div class=\"fusion-layout-column fusion_builder_column fusion-builder-column-3 fusion_builder_column_1_2 1_2 fusion-one-half fusion-column-last\" style=\"--awb-padding-top:30px;--awb-padding-right:30px;--awb-padding-bottom:30px;--awb-padding-left:30px;--awb-bg-color:#ffffff;--awb-bg-color-hover:#ffffff;--awb-bg-size:cover;--awb-border-color:#67b7e1;--awb-border-top:5px;--awb-border-style:solid;\"><div class=\"fusion-column-wrapper fusion-flex-column-wrapper-legacy\"><div class=\"fusion-slider-sc fusion-flexslider-loading flexslider flexslider-hover-type-none\" data-slideshow_autoplay=\"1\" data-slideshow_smooth_height=\"0\" data-slideshow_speed=\"7000\" style=\"max-width:100%;height:100%;\"><ul class=\"slides\"><li class=\"image\"><span class=\"fusion-image-hover-element hover-type-none\"><img decoding=\"async\" src=\"https:\/\/www.tetraing.com\/wp-content\/uploads\/2016\/03\/vision-artificial-dalsa-opt.jpg\" width=\"525\" height=\"608\" \/><\/span><\/li><li class=\"image\"><span class=\"fusion-image-hover-element hover-type-none\"><img decoding=\"async\" src=\"https:\/\/www.tetraing.com\/wp-content\/uploads\/2016\/03\/robot-fanuc-opt.jpg\" width=\"525\" height=\"608\" \/><\/span><\/li><li class=\"image\"><span class=\"fusion-image-hover-element hover-type-none\"><img decoding=\"async\" src=\"https:\/\/www.tetraing.com\/wp-content\/uploads\/2016\/03\/fanuc-robot-opt.jpg\" width=\"525\" height=\"608\" \/><\/span><\/li><li class=\"image\"><span class=\"fusion-image-hover-element hover-type-none\"><img decoding=\"async\" src=\"https:\/\/www.tetraing.com\/wp-content\/uploads\/2016\/03\/robot-articulado-opt.jpg\" width=\"525\" height=\"608\" \/><\/span><\/li><li class=\"image\"><span class=\"fusion-image-hover-element hover-type-none\"><img decoding=\"async\" src=\"https:\/\/www.tetraing.com\/wp-content\/uploads\/2016\/03\/humanoide.jpg\" width=\"525\" height=\"608\" \/><\/span><\/li><\/ul><\/div><div class=\"fusion-clearfix\"><\/div><\/div><\/div><\/div><\/div><\/p>\n","protected":false},"excerpt":{"rendered":"","protected":false},"author":2,"featured_media":0,"parent":0,"menu_order":0,"comment_status":"closed","ping_status":"closed","template":"100-width.php","meta":{"footnotes":""},"class_list":["post-1967","page","type-page","status-publish","hentry"],"yoast_head":"<!-- This site is optimized with the Yoast SEO plugin v27.2 - https:\/\/yoast.com\/product\/yoast-seo-wordpress\/ -->\n<title>Tecnolog\u00eda - Tetraing<\/title>\n<meta name=\"robots\" content=\"index, follow, max-snippet:-1, max-image-preview:large, max-video-preview:-1\" \/>\n<link rel=\"canonical\" href=\"https:\/\/www.tetraing.com\/es\/tecnologia\/\" \/>\n<meta property=\"og:locale\" content=\"es_ES\" \/>\n<meta property=\"og:type\" content=\"article\" \/>\n<meta property=\"og:title\" content=\"Tecnolog\u00eda - Tetraing\" \/>\n<meta property=\"og:url\" content=\"https:\/\/www.tetraing.com\/es\/tecnologia\/\" \/>\n<meta property=\"og:site_name\" content=\"Tetraing\" \/>\n<meta property=\"article:modified_time\" content=\"2022-04-20T10:44:00+00:00\" \/>\n<meta name=\"twitter:card\" content=\"summary_large_image\" \/>\n<meta name=\"twitter:label1\" content=\"Tiempo de lectura\" \/>\n\t<meta name=\"twitter:data1\" content=\"6 minutos\" \/>\n<script type=\"application\/ld+json\" class=\"yoast-schema-graph\">{\"@context\":\"https:\/\/schema.org\",\"@graph\":[{\"@type\":\"WebPage\",\"@id\":\"https:\/\/www.tetraing.com\/es\/tecnologia\/\",\"url\":\"https:\/\/www.tetraing.com\/es\/tecnologia\/\",\"name\":\"Tecnolog\u00eda - Tetraing\",\"isPartOf\":{\"@id\":\"https:\/\/www.tetraing.com\/#website\"},\"datePublished\":\"2017-01-10T13:08:56+00:00\",\"dateModified\":\"2022-04-20T10:44:00+00:00\",\"breadcrumb\":{\"@id\":\"https:\/\/www.tetraing.com\/es\/tecnologia\/#breadcrumb\"},\"inLanguage\":\"es\",\"potentialAction\":[{\"@type\":\"ReadAction\",\"target\":[\"https:\/\/www.tetraing.com\/es\/tecnologia\/\"]}]},{\"@type\":\"BreadcrumbList\",\"@id\":\"https:\/\/www.tetraing.com\/es\/tecnologia\/#breadcrumb\",\"itemListElement\":[{\"@type\":\"ListItem\",\"position\":1,\"name\":\"Portada\",\"item\":\"https:\/\/www.tetraing.com\/es\/\"},{\"@type\":\"ListItem\",\"position\":2,\"name\":\"Tecnolog\u00eda\"}]},{\"@type\":\"WebSite\",\"@id\":\"https:\/\/www.tetraing.com\/#website\",\"url\":\"https:\/\/www.tetraing.com\/\",\"name\":\"Tetraing\",\"description\":\"Tetraing\",\"potentialAction\":[{\"@type\":\"SearchAction\",\"target\":{\"@type\":\"EntryPoint\",\"urlTemplate\":\"https:\/\/www.tetraing.com\/?s={search_term_string}\"},\"query-input\":{\"@type\":\"PropertyValueSpecification\",\"valueRequired\":true,\"valueName\":\"search_term_string\"}}],\"inLanguage\":\"es\"}]}<\/script>\n<!-- \/ Yoast SEO plugin. -->","yoast_head_json":{"title":"Tecnolog\u00eda - Tetraing","robots":{"index":"index","follow":"follow","max-snippet":"max-snippet:-1","max-image-preview":"max-image-preview:large","max-video-preview":"max-video-preview:-1"},"canonical":"https:\/\/www.tetraing.com\/es\/tecnologia\/","og_locale":"es_ES","og_type":"article","og_title":"Tecnolog\u00eda - Tetraing","og_url":"https:\/\/www.tetraing.com\/es\/tecnologia\/","og_site_name":"Tetraing","article_modified_time":"2022-04-20T10:44:00+00:00","twitter_card":"summary_large_image","twitter_misc":{"Tiempo de lectura":"6 minutos"},"schema":{"@context":"https:\/\/schema.org","@graph":[{"@type":"WebPage","@id":"https:\/\/www.tetraing.com\/es\/tecnologia\/","url":"https:\/\/www.tetraing.com\/es\/tecnologia\/","name":"Tecnolog\u00eda - Tetraing","isPartOf":{"@id":"https:\/\/www.tetraing.com\/#website"},"datePublished":"2017-01-10T13:08:56+00:00","dateModified":"2022-04-20T10:44:00+00:00","breadcrumb":{"@id":"https:\/\/www.tetraing.com\/es\/tecnologia\/#breadcrumb"},"inLanguage":"es","potentialAction":[{"@type":"ReadAction","target":["https:\/\/www.tetraing.com\/es\/tecnologia\/"]}]},{"@type":"BreadcrumbList","@id":"https:\/\/www.tetraing.com\/es\/tecnologia\/#breadcrumb","itemListElement":[{"@type":"ListItem","position":1,"name":"Portada","item":"https:\/\/www.tetraing.com\/es\/"},{"@type":"ListItem","position":2,"name":"Tecnolog\u00eda"}]},{"@type":"WebSite","@id":"https:\/\/www.tetraing.com\/#website","url":"https:\/\/www.tetraing.com\/","name":"Tetraing","description":"Tetraing","potentialAction":[{"@type":"SearchAction","target":{"@type":"EntryPoint","urlTemplate":"https:\/\/www.tetraing.com\/?s={search_term_string}"},"query-input":{"@type":"PropertyValueSpecification","valueRequired":true,"valueName":"search_term_string"}}],"inLanguage":"es"}]}},"_links":{"self":[{"href":"https:\/\/www.tetraing.com\/es\/wp-json\/wp\/v2\/pages\/1967","targetHints":{"allow":["GET"]}}],"collection":[{"href":"https:\/\/www.tetraing.com\/es\/wp-json\/wp\/v2\/pages"}],"about":[{"href":"https:\/\/www.tetraing.com\/es\/wp-json\/wp\/v2\/types\/page"}],"author":[{"embeddable":true,"href":"https:\/\/www.tetraing.com\/es\/wp-json\/wp\/v2\/users\/2"}],"replies":[{"embeddable":true,"href":"https:\/\/www.tetraing.com\/es\/wp-json\/wp\/v2\/comments?post=1967"}],"version-history":[{"count":9,"href":"https:\/\/www.tetraing.com\/es\/wp-json\/wp\/v2\/pages\/1967\/revisions"}],"predecessor-version":[{"id":2255,"href":"https:\/\/www.tetraing.com\/es\/wp-json\/wp\/v2\/pages\/1967\/revisions\/2255"}],"wp:attachment":[{"href":"https:\/\/www.tetraing.com\/es\/wp-json\/wp\/v2\/media?parent=1967"}],"curies":[{"name":"wp","href":"https:\/\/api.w.org\/{rel}","templated":true}]}}