{"id":2675,"date":"2022-12-15T12:50:44","date_gmt":"2022-12-15T11:50:44","guid":{"rendered":"https:\/\/www.tetraing.com\/?page_id=2675"},"modified":"2022-12-15T13:11:14","modified_gmt":"2022-12-15T12:11:14","slug":"politica-de-privacidad-redes-sociales","status":"publish","type":"page","link":"https:\/\/www.tetraing.com\/es\/politica-de-privacidad-redes-sociales\/","title":{"rendered":"Pol\u00edtica de privacidad redes sociales"},"content":{"rendered":"<p><strong>POL\u00cdTICA DE PRIVACIDAD REDES SOCIALES<\/strong><\/p>\n<p>En cumplimiento de la legislaci\u00f3n vigente y aplicable de Protecci\u00f3n de Datos y la Ley 34\/2002, de 11 de julio, de Servicios de la Sociedad de la Informaci\u00f3n y de Comercio Electr\u00f3nico (LSSI-CE), TETRA PROYECTOS S.L. informa a los\/as usuarios\/as, que cuenta o puede contar con perfiles en la\/s Red\/es Social\/es Facebook, Twitter, Instagram, YouTube u otras redes sociales similares y\/o an\u00e1logas, con la finalidad principal de publicitar sus servicios y\/o ponerse en contacto con posibles clientes y es por ello informa a los usuarios de dichas redes sociales de los siguientes extremos.<\/p>\n<p>&nbsp;<\/p>\n<ol>\n<li><strong>INFORMACI\u00d3N AL USUARIO<\/strong><\/li>\n<\/ol>\n<p><strong>\u00bfQui\u00e9n es el responsable del tratamiento de tus datos personales?<\/strong><\/p>\n<p>TETRA PROYECTOS S.L., en adelante, responsable, informa al usuario de que cuenta o puede contar en el futuro con un perfil en las Redes Sociales Facebook, Instagram, Twitter, LinkedIn, Youtube, Vimeo y Google+, siendo por tanto el responsable del tratamiento de los datos personales del usuario que se lleve a cabo en dichas redes sociales y le informa de que estos datos ser\u00e1n tratados de conformidad con lo dispuesto en el Reglamento (UE) 2016\/679, de 27 de abril (GDPR), y la Ley Org\u00e1nica (ES) 3\/2018, de 5 de diciembre (LOPDGDD), por lo que se le facilita la siguiente informaci\u00f3n del tratamiento:<\/p>\n<p>El\/La usuario\/a dispone de un perfil en la misma Red Social y ha decidido unirse a la p\u00e1gina creada por TETRA PROYECTOS S.L., mostrando as\u00ed inter\u00e9s en la informaci\u00f3n que se publicite en la\/s Red\/es. Al unirse a nuestra\/s p\u00e1gina\/s, nos facilita su consentimiento para el tratamiento de aquellos datos personales publicados en su\/s perfiles.<\/p>\n<p>El\/La usuario\/a puede acceder en todo momento a las pol\u00edticas de privacidad de la propia Red Social, as\u00ed como configurar su perfil para garantizar su privacidad.<\/p>\n<p>El responsable tiene acceso y trata aquella informaci\u00f3n p\u00fablica del\/de la usuario\/a, en especial, su nombre y datos de contacto. Estos datos podr\u00e1n ser incorporados en nuestros tratamientos en un fichero denominado \u201ccontactos\u201d en nuestro Registro de Actividades de Tratamiento.<\/p>\n<p>En relaci\u00f3n a los derechos de acceso, rectificaci\u00f3n, limitaci\u00f3n de tratamiento, supresi\u00f3n, portabilidad y oposici\u00f3n al tratamiento de sus datos de car\u00e1cter personal, de los que usted dispone y que pueden ser ejercitados de acuerdo con la legislaci\u00f3n vigente y aplicable de Protecci\u00f3n de Datos.<\/p>\n<p>&nbsp;<\/p>\n<p><strong>\u00bfPara qu\u00e9 tratamos tus datos personales?<\/strong><\/p>\n<p><strong>Fin del tratamiento<\/strong><strong>:<\/strong> mantener una relaci\u00f3n entre el usuario y el responsable que puede incluir las siguientes operaciones:<\/p>\n<ul>\n<li>Tramitar solicitudes y consultas planteadas al responsable<\/li>\n<li>Informar sobre actividades y eventos organizados por el responsable<\/li>\n<li>Informar sobre productos o servicios ofrecidos por el responsable.<\/li>\n<li>Interactuar a trav\u00e9s de los perfiles oficiales.<\/li>\n<\/ul>\n<p>El usuario\/a siempre puede controlar sus conexiones, eliminar los contenidos que dejen de interesarle y restringir con qui\u00e9n comparte sus conexiones, para ello deber\u00e1 acceder a su configuraci\u00f3n de privacidad.<\/p>\n<p>&nbsp;<\/p>\n<p><strong>\u00bfPor qu\u00e9 motivo podemos tratar tus datos personales?<\/strong><\/p>\n<p><strong>Base jur\u00eddica del tratamiento<\/strong><strong>:<\/strong> art\u00edculo 6.1.a GDPR, el interesado ha dado su consentimiento para el tratamiento de sus datos personales para uno o varios fines espec\u00edficos. El usuario dispone de un perfil en la misma red social y ha decidido unirse a la red social del responsable mostrando as\u00ed inter\u00e9s en la informaci\u00f3n que se publique en la misma, por tanto, en el momento de solicitar seguir nuestros perfiles oficiales, nos facilita su consentimiento para el tratamiento de aquellos datos personales publicados en su perfil.<\/p>\n<p>El usuario puede acceder en todo momento a las pol\u00edticas de privacidad de la propia red social, as\u00ed como configurar su perfil para garantizar su privacidad. El responsable tiene acceso y trata aquella informaci\u00f3n p\u00fablica del usuario, en especial, su nombre de contacto. Estos datos solo son utilizados dentro de la propia red social y no son incorporados a ning\u00fan fichero.<\/p>\n<p>&nbsp;<\/p>\n<p><strong>\u00bfDurante cu\u00e1nto tiempo guardaremos tus datos personales?<\/strong><\/p>\n<p><strong>Criterios de conservaci\u00f3n de los datos<\/strong>: se conservar\u00e1n mientras el usuario no revoque el consentimiento prestado tal y como se indica en esta pol\u00edtica de privacidad.<\/p>\n<p>&nbsp;<\/p>\n<p><strong>\u00bfA qui\u00e9n facilitamos tus datos personales?<\/strong><\/p>\n<p><strong>Comunicaci\u00f3n de los datos<\/strong>: la informaci\u00f3n facilitada por el usuario a trav\u00e9s de las redes sociales del responsable, incluidos sus datos personales, puede ser publicada, siempre en funci\u00f3n de los servicios que el usuario utilice, por lo que podr\u00e1 quedar a disposici\u00f3n p\u00fablica de otros terceros usuarios de las redes sociales. Desde el perfil de cada red social, el usuario puede configurar qu\u00e9 informaci\u00f3n quiere hacer p\u00fablica en cada caso, ver los permisos que se han concedido, eliminarlos o desactivarlos, como cualquier aplicaci\u00f3n de un tercero que ya no se desea utilizar.<\/p>\n<p>No est\u00e1 prevista ninguna comunicaci\u00f3n de datos personales a terceros fuera de la red social salvo, si fuese imprescindible para el desarrollo y ejecuci\u00f3n de las finalidades del tratamiento, a nuestros proveedores de servicios relacionados con comunicaciones, con los cuales el responsable tiene suscritos los contratos de confidencialidad y de encargado de tratamiento exigidos por la normativa vigente de privacidad.<\/p>\n<p>&nbsp;<\/p>\n<p><strong>\u00bfCu\u00e1les son tus derechos?<\/strong><\/p>\n<p><strong>Derechos que asisten al usuario<\/strong>: solo podr\u00e1n satisfacerse en relaci\u00f3n a aquella informaci\u00f3n que se encuentre bajo el control del responsable.<\/p>\n<ul>\n<li>Derecho a retirar el consentimiento en cualquier momento.<\/li>\n<li>Derecho de acceso, rectificaci\u00f3n, portabilidad y supresi\u00f3n de sus datos, y de limitaci\u00f3n u oposici\u00f3n a su tratamiento.<\/li>\n<li>Derecho a presentar una reclamaci\u00f3n ante la autoridad de control (<a href=\"http:\/\/www.aepd.es\">www.aepd.es<\/a>) si considera que el tratamiento no se ajusta a la normativa vigente.<\/li>\n<\/ul>\n<p>&nbsp;<\/p>\n<p><strong>Datos de contacto para ejercer sus derechos<\/strong>: TETRA PROYECTOS S.L. \u2013 POL. IND. ALQUER\u00cdA DE MORET &#8211; C\/ DE LA FOIA, n\u00ba 1 de PICANYA (46210-VALENCIA-ESPA\u00d1A). Tel\u00e9fono n\u00ba (+34) 961591832. Correo Electr\u00f3nico: <a href=\"mailto:admon@tetraing.com\">admon@tetraing.com<\/a>.<\/p>\n<p>A continuaci\u00f3n detallamos el enlace a la pol\u00edtica de privacidad de cada una de las Redes Sociales indicadas por si quieres saber que uso de tus datos hacen las mismas:<\/p>\n<ul>\n<li>Facebook: <a href=\"https:\/\/www.facebook.com\/help\/323540651073243\/\">https:\/\/www.facebook.com\/help\/323540651073243\/<\/a><\/li>\n<li>Twitter: <a href=\"https:\/\/twitter.com\/privacy\">https:\/\/twitter.com\/privacy<\/a><\/li>\n<li>Google +: <a href=\"http:\/\/www.google.com\/intl\/es\/policies\/privacy\/\">http:\/\/www.google.com\/intl\/es\/policies\/privacy\/<\/a><\/li>\n<li>Instagram: <a href=\"https:\/\/es-la.facebook.com\/help\/instagram\/155833707900388\/\">https:\/\/es-la.facebook.com\/help\/instagram\/155833707900388\/<\/a><\/li>\n<li>YouTube: <a href=\"http:\/\/www.google.com\/intl\/es\/policies\/privacy\/\">http:\/\/www.google.com\/intl\/es\/policies\/privacy\/<\/a><\/li>\n<\/ul>\n<p>&nbsp;<\/p>\n<p><strong>Datos del responsable:<\/strong><\/p>\n<ul>\n<li><strong>Identidad del Responsable:<\/strong> TETRA PROYECTOS S.L.<\/li>\n<li><strong>Nombre comercial:<\/strong> TETRA PROYECTOS<\/li>\n<li><strong>Nombre del Dominio Web:<\/strong> <a href=\"https:\/\/www.tetraing.com\">www.tetraing. com<\/a><\/li>\n<li><strong>CIF n\u00ba: <\/strong>B97688584<\/li>\n<li><strong>Direcci\u00f3n:<\/strong> POL. IND. ALQUER\u00cdA DE MORET &#8211; C\/ DE LA FOIA, n\u00ba 1 de PICANYA (46210-VALENCIA-ESPA\u00d1A)<\/li>\n<li><strong>Correo electr\u00f3nico:<\/strong> <a href=\"mailto:admon@tetraing.com\">admon@tetraing.com<\/a><\/li>\n<li><strong>Tel\u00e9fono n\u00ba:<\/strong> (+34) 961591832<\/li>\n<\/ul>\n<p>&nbsp;<\/p>\n<ol start=\"2\">\n<li><strong> UTILIZACI\u00d3N DEL PERFIL<\/strong><\/li>\n<\/ol>\n<p>El responsable realizar\u00e1 o puede realizar, de acuerdo a los fines indicados las siguientes actuaciones:<\/p>\n<ul>\n<li>Acceso a la informaci\u00f3n p\u00fablica del perfil.<\/li>\n<li>Publicaci\u00f3n en el perfil del usuario de toda aquella informaci\u00f3n ya publicada en la red social del responsable.<\/li>\n<li>Enviar mensajes personales e individuales a trav\u00e9s de los canales de la red social.<\/li>\n<li>Actualizaciones del estado de la p\u00e1gina que se publicar\u00e1n en el perfil del usuario.<\/li>\n<li>Estudios estad\u00edsticos.<\/li>\n<li>Estudios de marketing dirigidos a la optimizaci\u00f3n de campa\u00f1as publicitarias en dichas redes de acuerdo a los h\u00e1bitos del interesado.<\/li>\n<\/ul>\n<p>El usuario siempre puede controlar sus conexiones, eliminar los contenidos que dejen de interesarle y restringir con qui\u00e9n comparte sus conexiones; para ello deber\u00e1 acceder a su configuraci\u00f3n de privacidad en la red social de la que se trate. Para ello puede acceder a trav\u00e9s de los enlaces arriba habilitados.<\/p>\n<p>&nbsp;<\/p>\n<ol start=\"3\">\n<li><strong> PUBLICACIONES<\/strong><\/li>\n<\/ol>\n<p>El usuario, una vez sea seguidor o se haya unido a la red social del responsable, podr\u00e1 publicar en esta, comentarios, enlaces, im\u00e1genes, fotograf\u00edas o cualquier otro tipo de contenido multimedia soportado por la misma que podr\u00e1 ser previamente moderado por el responsable.<\/p>\n<p>El usuario, en todos los casos, debe ser el titular del contenido publicado, gozar de los derechos de autor y de propiedad intelectual o contar con el consentimiento de los terceros afectados.<\/p>\n<p>Se proh\u00edbe expresamente cualquier publicaci\u00f3n en la red social, ya sean textos, gr\u00e1ficos, fotograf\u00edas, v\u00eddeos, etc. que atenten o sean susceptibles de atentar contra la moral, la \u00e9tica, el buen gusto o el decoro, y\/o que infrinjan, violen o quebranten los derechos de propiedad intelectual o industrial, el derecho a la imagen o la Ley.<\/p>\n<p>En estos casos, el responsable se reserva el derecho a retirar de inmediato el contenido, sin comunicaci\u00f3n previa, pudiendo solicitar el bloqueo permanente del usuario.<\/p>\n<p>El responsable no se har\u00e1 responsable de los contenidos que libremente ha publicado un usuario.<\/p>\n<p>El usuario debe tener presente que sus publicaciones ser\u00e1n conocidas por otros usuarios, por lo que \u00e9l mismo es el principal responsable de su privacidad.<\/p>\n<p>Las im\u00e1genes que puedan publicarse en la red social no ser\u00e1n almacenadas en ning\u00fan fichero por parte del responsable, pero s\u00ed que permanecer\u00e1n en la red social.<\/p>\n<p>&nbsp;<\/p>\n<ol start=\"4\">\n<li><strong> PUBLICIDAD<\/strong><\/li>\n<\/ol>\n<p>El responsable podr\u00e1 utilizar las redes sociales para publicitarse, cumpliendo en todo caso con las exigencias legales de la legislaci\u00f3n vigente y aplicable de Protecci\u00f3n de Datos y de la LSSI-CE.<\/p>\n<p>No se considerar\u00e1 publicidad el hecho de recomendar a otros\/as usuarios\/as la p\u00e1gina de TETRA PROYECTOS S.L. \u00a0para que tambi\u00e9n ellos\/as puedan disfrutar de las promociones o estar informados de su actividad.<\/p>\n<p>&nbsp;<\/p>\n<ol start=\"5\">\n<li><strong> DATOS DE MENORES DE EDAD O PERSONAS CON CAPACIDADES ESPECIALES<\/strong><\/li>\n<\/ol>\n<p>El acceso y registro a trav\u00e9s de las redes sociales del responsable est\u00e1 prohibido a menores de 18 a\u00f1os. Por su parte, si el usuario tiene capacidades especiales, ser\u00e1 necesaria la intervenci\u00f3n del titular de su patria potestad o tutela, o de su representante legal mediante documento v\u00e1lido que acredite la representaci\u00f3n.<\/p>\n<p>El responsable quedar\u00e1 expresamente exonerado de cualquier responsabilidad que pudiera derivarse del uso de las redes sociales por parte de menores o personas con capacidades especiales. Las redes sociales del responsable no recogen conscientemente ninguna informaci\u00f3n personal de menores de edad, por ello, si el usuario es menor de edad, no debe registrarse, ni utilizar las redes sociales del responsable ni tampoco proporcionar ninguna informaci\u00f3n personal.<\/p>\n<p>&nbsp;<\/p>\n<p>&nbsp;<\/p>\n<p>&nbsp;<\/p>\n","protected":false},"excerpt":{"rendered":"<p>POL\u00cdTICA DE PRIVACIDAD REDES SOCIALES En cumplimiento de la legislaci\u00f3n vigente y aplicable de Protecci\u00f3n de Datos y la Ley  [&#8230;]<\/p>\n","protected":false},"author":2,"featured_media":0,"parent":0,"menu_order":0,"comment_status":"closed","ping_status":"closed","template":"","meta":{"footnotes":""},"class_list":["post-2675","page","type-page","status-publish","hentry"],"yoast_head":"<!-- This site is optimized with the Yoast SEO plugin v27.2 - https:\/\/yoast.com\/product\/yoast-seo-wordpress\/ -->\n<title>Pol\u00edtica de privacidad redes sociales - Tetraing<\/title>\n<meta name=\"robots\" content=\"noindex, nofollow\" \/>\n<meta property=\"og:locale\" content=\"es_ES\" \/>\n<meta property=\"og:type\" content=\"article\" \/>\n<meta property=\"og:title\" content=\"Pol\u00edtica de privacidad redes sociales - Tetraing\" \/>\n<meta property=\"og:description\" content=\"POL\u00cdTICA DE PRIVACIDAD REDES SOCIALES En cumplimiento de la legislaci\u00f3n vigente y aplicable de Protecci\u00f3n de Datos y la Ley [...]\" \/>\n<meta property=\"og:url\" content=\"https:\/\/www.tetraing.com\/es\/politica-de-privacidad-redes-sociales\/\" \/>\n<meta property=\"og:site_name\" content=\"Tetraing\" \/>\n<meta property=\"article:modified_time\" content=\"2022-12-15T12:11:14+00:00\" \/>\n<meta name=\"twitter:card\" content=\"summary_large_image\" \/>\n<meta name=\"twitter:label1\" content=\"Tiempo de lectura\" \/>\n\t<meta name=\"twitter:data1\" content=\"8 minutos\" \/>\n<script type=\"application\/ld+json\" class=\"yoast-schema-graph\">{\"@context\":\"https:\/\/schema.org\",\"@graph\":[{\"@type\":\"WebPage\",\"@id\":\"https:\/\/www.tetraing.com\/es\/politica-de-privacidad-redes-sociales\/\",\"url\":\"https:\/\/www.tetraing.com\/es\/politica-de-privacidad-redes-sociales\/\",\"name\":\"Pol\u00edtica de privacidad redes sociales - Tetraing\",\"isPartOf\":{\"@id\":\"https:\/\/www.tetraing.com\/#website\"},\"datePublished\":\"2022-12-15T11:50:44+00:00\",\"dateModified\":\"2022-12-15T12:11:14+00:00\",\"breadcrumb\":{\"@id\":\"https:\/\/www.tetraing.com\/es\/politica-de-privacidad-redes-sociales\/#breadcrumb\"},\"inLanguage\":\"es\",\"potentialAction\":[{\"@type\":\"ReadAction\",\"target\":[\"https:\/\/www.tetraing.com\/es\/politica-de-privacidad-redes-sociales\/\"]}]},{\"@type\":\"BreadcrumbList\",\"@id\":\"https:\/\/www.tetraing.com\/es\/politica-de-privacidad-redes-sociales\/#breadcrumb\",\"itemListElement\":[{\"@type\":\"ListItem\",\"position\":1,\"name\":\"Portada\",\"item\":\"https:\/\/www.tetraing.com\/es\/\"},{\"@type\":\"ListItem\",\"position\":2,\"name\":\"Pol\u00edtica de privacidad redes sociales\"}]},{\"@type\":\"WebSite\",\"@id\":\"https:\/\/www.tetraing.com\/#website\",\"url\":\"https:\/\/www.tetraing.com\/\",\"name\":\"Tetraing\",\"description\":\"Tetraing\",\"potentialAction\":[{\"@type\":\"SearchAction\",\"target\":{\"@type\":\"EntryPoint\",\"urlTemplate\":\"https:\/\/www.tetraing.com\/?s={search_term_string}\"},\"query-input\":{\"@type\":\"PropertyValueSpecification\",\"valueRequired\":true,\"valueName\":\"search_term_string\"}}],\"inLanguage\":\"es\"}]}<\/script>\n<!-- \/ Yoast SEO plugin. -->","yoast_head_json":{"title":"Pol\u00edtica de privacidad redes sociales - Tetraing","robots":{"index":"noindex","follow":"nofollow"},"og_locale":"es_ES","og_type":"article","og_title":"Pol\u00edtica de privacidad redes sociales - Tetraing","og_description":"POL\u00cdTICA DE PRIVACIDAD REDES SOCIALES En cumplimiento de la legislaci\u00f3n vigente y aplicable de Protecci\u00f3n de Datos y la Ley [...]","og_url":"https:\/\/www.tetraing.com\/es\/politica-de-privacidad-redes-sociales\/","og_site_name":"Tetraing","article_modified_time":"2022-12-15T12:11:14+00:00","twitter_card":"summary_large_image","twitter_misc":{"Tiempo de lectura":"8 minutos"},"schema":{"@context":"https:\/\/schema.org","@graph":[{"@type":"WebPage","@id":"https:\/\/www.tetraing.com\/es\/politica-de-privacidad-redes-sociales\/","url":"https:\/\/www.tetraing.com\/es\/politica-de-privacidad-redes-sociales\/","name":"Pol\u00edtica de privacidad redes sociales - Tetraing","isPartOf":{"@id":"https:\/\/www.tetraing.com\/#website"},"datePublished":"2022-12-15T11:50:44+00:00","dateModified":"2022-12-15T12:11:14+00:00","breadcrumb":{"@id":"https:\/\/www.tetraing.com\/es\/politica-de-privacidad-redes-sociales\/#breadcrumb"},"inLanguage":"es","potentialAction":[{"@type":"ReadAction","target":["https:\/\/www.tetraing.com\/es\/politica-de-privacidad-redes-sociales\/"]}]},{"@type":"BreadcrumbList","@id":"https:\/\/www.tetraing.com\/es\/politica-de-privacidad-redes-sociales\/#breadcrumb","itemListElement":[{"@type":"ListItem","position":1,"name":"Portada","item":"https:\/\/www.tetraing.com\/es\/"},{"@type":"ListItem","position":2,"name":"Pol\u00edtica de privacidad redes sociales"}]},{"@type":"WebSite","@id":"https:\/\/www.tetraing.com\/#website","url":"https:\/\/www.tetraing.com\/","name":"Tetraing","description":"Tetraing","potentialAction":[{"@type":"SearchAction","target":{"@type":"EntryPoint","urlTemplate":"https:\/\/www.tetraing.com\/?s={search_term_string}"},"query-input":{"@type":"PropertyValueSpecification","valueRequired":true,"valueName":"search_term_string"}}],"inLanguage":"es"}]}},"_links":{"self":[{"href":"https:\/\/www.tetraing.com\/es\/wp-json\/wp\/v2\/pages\/2675","targetHints":{"allow":["GET"]}}],"collection":[{"href":"https:\/\/www.tetraing.com\/es\/wp-json\/wp\/v2\/pages"}],"about":[{"href":"https:\/\/www.tetraing.com\/es\/wp-json\/wp\/v2\/types\/page"}],"author":[{"embeddable":true,"href":"https:\/\/www.tetraing.com\/es\/wp-json\/wp\/v2\/users\/2"}],"replies":[{"embeddable":true,"href":"https:\/\/www.tetraing.com\/es\/wp-json\/wp\/v2\/comments?post=2675"}],"version-history":[{"count":5,"href":"https:\/\/www.tetraing.com\/es\/wp-json\/wp\/v2\/pages\/2675\/revisions"}],"predecessor-version":[{"id":2683,"href":"https:\/\/www.tetraing.com\/es\/wp-json\/wp\/v2\/pages\/2675\/revisions\/2683"}],"wp:attachment":[{"href":"https:\/\/www.tetraing.com\/es\/wp-json\/wp\/v2\/media?parent=2675"}],"curies":[{"name":"wp","href":"https:\/\/api.w.org\/{rel}","templated":true}]}}