{"id":2554,"date":"2022-06-07T10:53:26","date_gmt":"2022-06-07T08:53:26","guid":{"rendered":"https:\/\/www.tetraing.com\/?page_id=2554"},"modified":"2022-06-07T13:15:28","modified_gmt":"2022-06-07T11:15:28","slug":"technologies","status":"publish","type":"page","link":"https:\/\/www.tetraing.com\/fr\/technologies\/","title":{"rendered":"Technologies"},"content":{"rendered":"<div class=\"fusion-fullwidth fullwidth-box fusion-builder-row-1 nonhundred-percent-fullwidth non-hundred-percent-height-scrolling fusion-equal-height-columns\" style=\"--awb-background-position:left top;--awb-border-sizes-top:0px;--awb-border-sizes-bottom:0px;--awb-border-sizes-left:0px;--awb-border-sizes-right:0px;--awb-border-radius-top-left:0px;--awb-border-radius-top-right:0px;--awb-border-radius-bottom-right:0px;--awb-border-radius-bottom-left:0px;--awb-padding-bottom:5%;--awb-flex-wrap:wrap;\" ><div class=\"fusion-builder-row fusion-row\"><div class=\"fusion-layout-column fusion_builder_column fusion-builder-column-0 fusion_builder_column_1_1 1_1 fusion-one-full fusion-column-first fusion-column-last fusion-column-no-min-height\" style=\"--awb-bg-size:cover;--awb-margin-bottom:0px;\"><div class=\"fusion-column-wrapper fusion-column-has-shadow fusion-flex-column-wrapper-legacy\"><div class=\"fusion-text fusion-text-1\"><h1 style=\"text-align: center; font-size: 28px; line-height: 34px; color: #3b4251;\"><b class=\"b5\">Les technologies les plus polyvalentes et les plus r\u00e9centes pour chaque processus de fabrication<\/b><\/h1>\n<\/div><div class=\"fusion-sep-clear\"><\/div><div class=\"fusion-separator\" style=\"margin-left: auto;margin-right: auto;margin-top:15px;margin-bottom:65px;width:100%;max-width:170px;\"><div class=\"fusion-separator-border sep-single sep-solid\" style=\"--awb-height:20px;--awb-amount:20px;--awb-sep-color:#67b7e1;border-color:#67b7e1;border-top-width:3px;\"><\/div><\/div><div class=\"fusion-sep-clear\"><\/div><div class=\"fusion-clearfix\"><\/div><\/div><\/div><div class=\"fusion-layout-column fusion_builder_column fusion-builder-column-1 fusion_builder_column_1_2 1_2 fusion-one-half fusion-column-first\" style=\"--awb-padding-top:40px;--awb-padding-right:40px;--awb-padding-bottom:40px;--awb-padding-left:40px;--awb-bg-color:#ffffff;--awb-bg-color-hover:#ffffff;--awb-bg-size:cover;--awb-border-color:#67b7e1;--awb-border-top:5px;--awb-border-style:solid;\"><div class=\"fusion-column-wrapper fusion-column-has-shadow fusion-flex-column-wrapper-legacy\"><div class=\"accordian fusion-accordian\" style=\"--awb-border-size:1px;--awb-icon-size:16px;--awb-content-font-size:14px;--awb-icon-alignment:left;--awb-hover-color:var(--awb-color2);--awb-border-color:var(--awb-color3);--awb-background-color:var(--awb-color1);--awb-divider-color:#e0dede;--awb-divider-hover-color:#e0dede;--awb-icon-color:var(--awb-color1);--awb-title-color:#67b7e1;--awb-content-color:#666666;--awb-icon-box-color:#67b7e1;--awb-toggle-hover-accent-color:#67b7e1;--awb-title-font-family:&quot;Raleway&quot;;--awb-title-font-weight:800;--awb-title-font-style:normal;--awb-content-font-family:&quot;Open Sans&quot;;--awb-content-font-style:normal;--awb-content-font-weight:400;\"><div class=\"panel-group fusion-toggle-icon-boxed\" id=\"accordion-2554-1\"><div class=\"fusion-panel panel-default panel-5ace15a89b7f51850 fusion-toggle-has-divider\" style=\"--awb-title-color:#67b7e1;--awb-content-color:#666666;\"><div class=\"panel-heading\"><h4 class=\"panel-title toggle\" id=\"toggle_5ace15a89b7f51850\"><a aria-expanded=\"false\" aria-controls=\"5ace15a89b7f51850\" role=\"button\" data-toggle=\"collapse\" data-parent=\"#accordion-2554-1\" data-target=\"#5ace15a89b7f51850\" href=\"#5ace15a89b7f51850\"><span class=\"fusion-toggle-icon-wrapper\" aria-hidden=\"true\"><i class=\"fa-fusion-box active-icon awb-icon-minus\" aria-hidden=\"true\"><\/i><i class=\"fa-fusion-box inactive-icon awb-icon-plus\" aria-hidden=\"true\"><\/i><\/span><span class=\"fusion-toggle-heading\">Robotique et humano\u00efdes <\/span><\/a><\/h4><\/div><div id=\"5ace15a89b7f51850\" class=\"panel-collapse collapse \" aria-labelledby=\"toggle_5ace15a89b7f51850\"><div class=\"panel-body toggle-content fusion-clearfix\">\n<h4>VOULEZ-VOUS LA MEILLEURE SOLUTION ROBOTIQUE ?=TETRA Ing<\/h4>\n<p>Tetra \u00e9tudie et int\u00e8gre la solution robotique dans votre espace de travail pour obtenir une am\u00e9lioration de votre production. Nous int\u00e9grons le robot pour chaque application en partageant nos connaissances dans les processus de production et les solutions automatis\u00e9es :<\/p>\n<ul>\n<li>Coll\u00e9<\/li>\n<li>Viss\u00e9<\/li>\n<li>Perceuse<\/li>\n<li>Coup\u00e9<\/li>\n<li>Manutention<\/li>\n<li>Commande de mouvement num\u00e9rique<\/li>\n<li>Contr\u00f4le visuel<\/li>\n<li>Emball\u00e9<\/li>\n<li>Palettisation<\/li>\n<li>Vaporisateur<\/li>\n<\/ul>\n<p><span style=\"color: #3b4251;\"><strong>Robot Collaboratif : \u00a0<\/strong><\/span>Si vous avez besoin d&rsquo;une prise en main facile, nous pouvons vous proposer la solution Robot Collaboratif. Il se commande avec une seule tablette tactile.<\/p>\n<p><span style=\"color: #3b4251;\"><strong>Humano\u00efdes:<\/strong><\/span> \u00a0L&rsquo;Humano\u00efde est la solution flexible pour la production manuelle.<\/p>\n<p><strong>Nos r\u00e9f\u00e9rences en Robotique:<\/strong><\/p>\n<p>ABB, FANUC, ST\u00c4UBLI, KUKA, MITSUBISHI, DENSO, HYUNDAI, UNIVERSAL ROBOT, NEXTAGE.<\/div><\/div><\/div><div class=\"fusion-panel panel-default panel-ae78a3fd2892b164f fusion-toggle-has-divider\" style=\"--awb-title-color:#67b7e1;--awb-content-color:#666666;\"><div class=\"panel-heading\"><h4 class=\"panel-title toggle\" id=\"toggle_ae78a3fd2892b164f\"><a aria-expanded=\"false\" aria-controls=\"ae78a3fd2892b164f\" role=\"button\" data-toggle=\"collapse\" data-parent=\"#accordion-2554-1\" data-target=\"#ae78a3fd2892b164f\" href=\"#ae78a3fd2892b164f\"><span class=\"fusion-toggle-icon-wrapper\" aria-hidden=\"true\"><i class=\"fa-fusion-box active-icon awb-icon-minus\" aria-hidden=\"true\"><\/i><i class=\"fa-fusion-box inactive-icon awb-icon-plus\" aria-hidden=\"true\"><\/i><\/span><span class=\"fusion-toggle-heading\">Vision artificielle <\/span><\/a><\/h4><\/div><div id=\"ae78a3fd2892b164f\" class=\"panel-collapse collapse \" aria-labelledby=\"toggle_ae78a3fd2892b164f\"><div class=\"panel-body toggle-content fusion-clearfix\">\n<h4>VOULEZ-VOUS UNE \u00a0SOLUTION POUR AM\u00c9LIORER VOTRE TRAVAIL ?<\/h4>\n<h4><span style=\"color: #3b4251;\">Cansado de tener sistemas de visi\u00f3n que no son productivos y fiables?<\/span><\/h4>\n<h4><span style=\"color: #3b4251;\">Vous en avez assez d&rsquo;avoir des syst\u00e8mes de vision qui ne sont ni productifs ni fiables<\/span><\/h4>\n<p>TETRA poss\u00e8de une longue exp\u00e9rience et des solutions pour toute vision avanc\u00e9e de machine industrielle dont vous avez besoin.<br \/>\nCorrespondance, mesure, vision 3D, inspection \u00e0 360\u00ba, orientation du robot, d\u00e9tection des d\u00e9fauts, v\u00e9rification des couleurs, \u00e9talonnage, lecture et contr\u00f4le des codes-barres, \u00e9clairage.<\/p>\n<p>3 Options d&rsquo;application :<\/p>\n<ul>\n<li><span style=\"color: #3b4251;\">Solution compl\u00e8te de vision ouverte avec syst\u00e8me de cam\u00e9ra, processeur informatique industriel et logiciel. \u00c9volution compl\u00e8te et syst\u00e8me flexible. Possibilit\u00e9 de connexion avec Ethernet, entr\u00e9e sortie num\u00e9rique, s\u00e9rie RS232 \/ 485.<\/span><\/li>\n<li><span style=\"color: #3b4251;\">Solution de vision ferm\u00e9e avec cam\u00e9ra et processeur avec logiciel int\u00e9gr\u00e9.<\/span><\/li>\n<li><span style=\"color: #3b4251;\">Solution de cam\u00e9ra intelligente compacte, cam\u00e9ra ferm\u00e9e et tr\u00e8s petite de type BOA et\/ou capteur de vision. Ordinateur et logiciel int\u00e9gr\u00e9s \u00e0 la cam\u00e9ra.<\/span><\/li>\n<\/ul>\n<p><span style=\"color: #3b4251;\"><strong>Nos r\u00e9f\u00e9rences:<\/strong><\/span><\/p>\n<p>TELEDYNE DALSA and SHERLOCK vision software,\u00a0HALCON vision application,\u00a0OMRON,\u00a0QUEYENCE,\u00a0PANASONIC,\u00a0DATALOGIC,\u00a0COGNEX.<\/p>\n<\/div><\/div><\/div><div class=\"fusion-panel panel-default panel-2883692d5f6751bcc fusion-toggle-has-divider\" style=\"--awb-title-color:#67b7e1;--awb-content-color:#666666;\"><div class=\"panel-heading\"><h4 class=\"panel-title toggle\" id=\"toggle_2883692d5f6751bcc\"><a aria-expanded=\"false\" aria-controls=\"2883692d5f6751bcc\" role=\"button\" data-toggle=\"collapse\" data-parent=\"#accordion-2554-1\" data-target=\"#2883692d5f6751bcc\" href=\"#2883692d5f6751bcc\"><span class=\"fusion-toggle-icon-wrapper\" aria-hidden=\"true\"><i class=\"fa-fusion-box active-icon awb-icon-minus\" aria-hidden=\"true\"><\/i><i class=\"fa-fusion-box inactive-icon awb-icon-plus\" aria-hidden=\"true\"><\/i><\/span><span class=\"fusion-toggle-heading\">Ultrasons<\/span><\/a><\/h4><\/div><div id=\"2883692d5f6751bcc\" class=\"panel-collapse collapse \" aria-labelledby=\"toggle_2883692d5f6751bcc\"><div class=\"panel-body toggle-content fusion-clearfix\">\n<h4>Machine et appareil pour le TRAITEMENT ALIMENTAIRE, L\u2019 AUTOMOBILE, LA COSM\u00c9TIQUE, L\u2019 INDUSTRIE M\u00c9DICALE, LES TEXTILES, LA TECHNOLOGIE D&rsquo;EMBALLAGE ET L\u2019\u00c9LECTROM\u00c9NAGER.<\/h4>\n<p><span style=\"color: #3b4251;\"><strong>Soudage par ultrasons:<\/strong><\/span><\/p>\n<ul>\n<li>Soudure continue<\/li>\n<li>Soudage par rotation<\/li>\n<li>Soudage \u00e0 la plaque chauffante<\/li>\n<li>Soudage \u00e0 air chaud<\/li>\n<li>Soudage par vibration<\/li>\n<\/ul>\n<p><span style=\"color: #3b4251;\"><strong>D\u00e9coupe par ultrasons:<br \/>\n<\/strong> <\/span><\/p>\n<p>Nos appareils et nos machines standard pour la d\u00e9coupe des aliments: .<\/p>\n<ul>\n<li>Appareil enti\u00e8rement automatique<\/li>\n<li>Machine semi-automatique<\/li>\n<li>Machine manuelle.<\/li>\n<\/ul>\n<p>Nous proposons des g\u00e9n\u00e9rateurs, des \u00e9metteurs et des sonotrodes Titan. Appareil manuel ou automatique avec \u00e9cran LCD, contr\u00f4le int\u00e9gr\u00e9 de la fr\u00e9quence, de la puissance et de l&rsquo;\u00e9nergie, syst\u00e8me de refroidissement par sonotrode, interface op\u00e9rateur multilingue, connexion Ethernet.<\/p>\n<p><span style=\"color: #3b4251;\"><strong>Nos r\u00e9f\u00e9rences : <\/strong><\/span><\/p>\n<p>MECASONIC<\/p>\n<\/div><\/div><\/div><div class=\"fusion-panel panel-default panel-330f9ed73e4040a05 fusion-toggle-has-divider\" style=\"--awb-title-color:#67b7e1;--awb-content-color:#666666;\"><div class=\"panel-heading\"><h4 class=\"panel-title toggle\" id=\"toggle_330f9ed73e4040a05\"><a aria-expanded=\"false\" aria-controls=\"330f9ed73e4040a05\" role=\"button\" data-toggle=\"collapse\" data-parent=\"#accordion-2554-1\" data-target=\"#330f9ed73e4040a05\" href=\"#330f9ed73e4040a05\"><span class=\"fusion-toggle-icon-wrapper\" aria-hidden=\"true\"><i class=\"fa-fusion-box active-icon awb-icon-minus\" aria-hidden=\"true\"><\/i><i class=\"fa-fusion-box inactive-icon awb-icon-plus\" aria-hidden=\"true\"><\/i><\/span><span class=\"fusion-toggle-heading\">Syst\u00e8me d\u2019efficience \u00e9nergique <\/span><\/a><\/h4><\/div><div id=\"330f9ed73e4040a05\" class=\"panel-collapse collapse \" aria-labelledby=\"toggle_330f9ed73e4040a05\"><div class=\"panel-body toggle-content fusion-clearfix\">\n<h4><strong>Vous souhaitez un syst\u00e8me d&rsquo;\u00e9conomie d&rsquo;\u00e9nergie pour votre application ? TETRA vous offre la solution. Nous fabriquons des machines \u00e9lectriques \u00e0 faible consommation.<\/strong><\/h4>\n<ul>\n<li>Entra\u00eenement \u00e0 fr\u00e9quence variable (AFD).<\/li>\n<li>Convertisseurs num\u00e9riques.<\/li>\n<li>Contr\u00f4le des pilotes, unit\u00e9 de puissance, moteur.<\/li>\n<li>Contr\u00f4le pr\u00e9cis de la vitesse .<\/li>\n<li>Performances dynamiques \u00e9lev\u00e9es.<\/li>\n<li>Temps de r\u00e9ponse tr\u00e8s rapides.<\/li>\n<\/ul>\n<\/div><\/div><\/div><div class=\"fusion-panel panel-default panel-deb7119d9d9153e65 fusion-toggle-has-divider\" style=\"--awb-title-color:#67b7e1;--awb-content-color:#666666;\"><div class=\"panel-heading\"><h4 class=\"panel-title toggle\" id=\"toggle_deb7119d9d9153e65\"><a aria-expanded=\"false\" aria-controls=\"deb7119d9d9153e65\" role=\"button\" data-toggle=\"collapse\" data-parent=\"#accordion-2554-1\" data-target=\"#deb7119d9d9153e65\" href=\"#deb7119d9d9153e65\"><span class=\"fusion-toggle-icon-wrapper\" aria-hidden=\"true\"><i class=\"fa-fusion-box active-icon awb-icon-minus\" aria-hidden=\"true\"><\/i><i class=\"fa-fusion-box inactive-icon awb-icon-plus\" aria-hidden=\"true\"><\/i><\/span><span class=\"fusion-toggle-heading\">Servo-Motor-Commande num\u00e9rique par ordinateur<\/span><\/a><\/h4><\/div><div id=\"deb7119d9d9153e65\" class=\"panel-collapse collapse \" aria-labelledby=\"toggle_deb7119d9d9153e65\"><div class=\"panel-body toggle-content fusion-clearfix\">\n<ul>\n<li>Servodrivers et servomoteurs AC.<\/li>\n<li>Servomoteurs \u00e0 engrenages.<\/li>\n<li>Application sp\u00e9ciale pharmaceutique et agroalimentaire.<\/li>\n<li>Diff\u00e9rentes tailles au choix, couples d&rsquo;acc\u00e9l\u00e9ration et de vitesse, inertie \u00e9lev\u00e9e ou faible.<\/li>\n<\/ul>\n<\/div><\/div><\/div><div class=\"fusion-panel panel-default panel-571d30dc779a4eb32 fusion-toggle-has-divider\" style=\"--awb-title-color:#67b7e1;--awb-content-color:#666666;\"><div class=\"panel-heading\"><h4 class=\"panel-title toggle\" id=\"toggle_571d30dc779a4eb32\"><a aria-expanded=\"false\" aria-controls=\"571d30dc779a4eb32\" role=\"button\" data-toggle=\"collapse\" data-parent=\"#accordion-2554-1\" data-target=\"#571d30dc779a4eb32\" href=\"#571d30dc779a4eb32\"><span class=\"fusion-toggle-icon-wrapper\" aria-hidden=\"true\"><i class=\"fa-fusion-box active-icon awb-icon-minus\" aria-hidden=\"true\"><\/i><i class=\"fa-fusion-box inactive-icon awb-icon-plus\" aria-hidden=\"true\"><\/i><\/span><span class=\"fusion-toggle-heading\">Laser, mesure et scanner 3D<\/span><\/a><\/h4><\/div><div id=\"571d30dc779a4eb32\" class=\"panel-collapse collapse \" aria-labelledby=\"toggle_571d30dc779a4eb32\"><div class=\"panel-body toggle-content fusion-clearfix\"><\/div><\/div><\/div><div class=\"fusion-panel panel-default panel-e6860d50a306c5b5b fusion-toggle-has-divider\" style=\"--awb-title-color:#67b7e1;--awb-content-color:#666666;\"><div class=\"panel-heading\"><h4 class=\"panel-title toggle\" id=\"toggle_e6860d50a306c5b5b\"><a aria-expanded=\"false\" aria-controls=\"e6860d50a306c5b5b\" role=\"button\" data-toggle=\"collapse\" data-parent=\"#accordion-2554-1\" data-target=\"#e6860d50a306c5b5b\" href=\"#e6860d50a306c5b5b\"><span class=\"fusion-toggle-icon-wrapper\" aria-hidden=\"true\"><i class=\"fa-fusion-box active-icon awb-icon-minus\" aria-hidden=\"true\"><\/i><i class=\"fa-fusion-box inactive-icon awb-icon-plus\" aria-hidden=\"true\"><\/i><\/span><span class=\"fusion-toggle-heading\">Automatisation et programmation<\/span><\/a><\/h4><\/div><div id=\"e6860d50a306c5b5b\" class=\"panel-collapse collapse \" aria-labelledby=\"toggle_e6860d50a306c5b5b\"><div class=\"panel-body toggle-content fusion-clearfix\"><\/div><\/div><\/div><div class=\"fusion-panel panel-default panel-6e4ebe4b50b3b5f3c fusion-toggle-has-divider\" style=\"--awb-title-color:#67b7e1;--awb-content-color:#666666;\"><div class=\"panel-heading\"><h4 class=\"panel-title toggle\" id=\"toggle_6e4ebe4b50b3b5f3c\"><a aria-expanded=\"false\" aria-controls=\"6e4ebe4b50b3b5f3c\" role=\"button\" data-toggle=\"collapse\" data-parent=\"#accordion-2554-1\" data-target=\"#6e4ebe4b50b3b5f3c\" href=\"#6e4ebe4b50b3b5f3c\"><span class=\"fusion-toggle-icon-wrapper\" aria-hidden=\"true\"><i class=\"fa-fusion-box active-icon awb-icon-minus\" aria-hidden=\"true\"><\/i><i class=\"fa-fusion-box inactive-icon awb-icon-plus\" aria-hidden=\"true\"><\/i><\/span><span class=\"fusion-toggle-heading\">Hydraulique et pneumatique<\/span><\/a><\/h4><\/div><div id=\"6e4ebe4b50b3b5f3c\" class=\"panel-collapse collapse \" aria-labelledby=\"toggle_6e4ebe4b50b3b5f3c\"><div class=\"panel-body toggle-content fusion-clearfix\"><\/div><\/div><\/div><div class=\"fusion-panel panel-default panel-2dfee9472b6afd76d fusion-toggle-has-divider\" style=\"--awb-title-color:#67b7e1;--awb-content-color:#666666;\"><div class=\"panel-heading\"><h4 class=\"panel-title toggle\" id=\"toggle_2dfee9472b6afd76d\"><a aria-expanded=\"false\" aria-controls=\"2dfee9472b6afd76d\" role=\"button\" data-toggle=\"collapse\" data-parent=\"#accordion-2554-1\" data-target=\"#2dfee9472b6afd76d\" href=\"#2dfee9472b6afd76d\"><span class=\"fusion-toggle-icon-wrapper\" aria-hidden=\"true\"><i class=\"fa-fusion-box active-icon awb-icon-minus\" aria-hidden=\"true\"><\/i><i class=\"fa-fusion-box inactive-icon awb-icon-plus\" aria-hidden=\"true\"><\/i><\/span><span class=\"fusion-toggle-heading\">Capteurs \u00e0 fibre optique, inductifs, capacitifs, photocellules et laser<\/span><\/a><\/h4><\/div><div id=\"2dfee9472b6afd76d\" class=\"panel-collapse collapse \" aria-labelledby=\"toggle_2dfee9472b6afd76d\"><div class=\"panel-body toggle-content fusion-clearfix\"><\/div><\/div><\/div><div class=\"fusion-panel panel-default panel-1345f2b596d81a7aa fusion-toggle-has-divider\" style=\"--awb-title-color:#67b7e1;--awb-content-color:#666666;\"><div class=\"panel-heading\"><h4 class=\"panel-title toggle\" id=\"toggle_1345f2b596d81a7aa\"><a aria-expanded=\"false\" aria-controls=\"1345f2b596d81a7aa\" role=\"button\" data-toggle=\"collapse\" data-parent=\"#accordion-2554-1\" data-target=\"#1345f2b596d81a7aa\" href=\"#1345f2b596d81a7aa\"><span class=\"fusion-toggle-icon-wrapper\" aria-hidden=\"true\"><i class=\"fa-fusion-box active-icon awb-icon-minus\" aria-hidden=\"true\"><\/i><i class=\"fa-fusion-box inactive-icon awb-icon-plus\" aria-hidden=\"true\"><\/i><\/span><span class=\"fusion-toggle-heading\">Usinage de mat\u00e9riaux durs et tendres<\/span><\/a><\/h4><\/div><div id=\"1345f2b596d81a7aa\" class=\"panel-collapse collapse \" aria-labelledby=\"toggle_1345f2b596d81a7aa\"><div class=\"panel-body toggle-content fusion-clearfix\"><\/div><\/div><\/div><div class=\"fusion-panel panel-default panel-7f2abd9976c4d5466 fusion-toggle-has-divider\" style=\"--awb-title-color:#67b7e1;--awb-content-color:#666666;\"><div class=\"panel-heading\"><h4 class=\"panel-title toggle\" id=\"toggle_7f2abd9976c4d5466\"><a aria-expanded=\"false\" aria-controls=\"7f2abd9976c4d5466\" role=\"button\" data-toggle=\"collapse\" data-parent=\"#accordion-2554-1\" data-target=\"#7f2abd9976c4d5466\" href=\"#7f2abd9976c4d5466\"><span class=\"fusion-toggle-icon-wrapper\" aria-hidden=\"true\"><i class=\"fa-fusion-box active-icon awb-icon-minus\" aria-hidden=\"true\"><\/i><i class=\"fa-fusion-box inactive-icon awb-icon-plus\" aria-hidden=\"true\"><\/i><\/span><span class=\"fusion-toggle-heading\">Contr\u00f4le de s\u00e9curit\u00e9 dans la zone de travail<\/span><\/a><\/h4><\/div><div id=\"7f2abd9976c4d5466\" class=\"panel-collapse collapse \" aria-labelledby=\"toggle_7f2abd9976c4d5466\"><div class=\"panel-body toggle-content fusion-clearfix\"><\/div><\/div><\/div><div class=\"fusion-panel panel-default panel-e81ddfbc15469dadf fusion-toggle-has-divider\" style=\"--awb-title-color:#67b7e1;--awb-content-color:#666666;\"><div class=\"panel-heading\"><h4 class=\"panel-title toggle\" id=\"toggle_e81ddfbc15469dadf\"><a aria-expanded=\"false\" aria-controls=\"e81ddfbc15469dadf\" role=\"button\" data-toggle=\"collapse\" data-parent=\"#accordion-2554-1\" data-target=\"#e81ddfbc15469dadf\" href=\"#e81ddfbc15469dadf\"><span class=\"fusion-toggle-icon-wrapper\" aria-hidden=\"true\"><i class=\"fa-fusion-box active-icon awb-icon-minus\" aria-hidden=\"true\"><\/i><i class=\"fa-fusion-box inactive-icon awb-icon-plus\" aria-hidden=\"true\"><\/i><\/span><span class=\"fusion-toggle-heading\">Imprimantes 3D<\/span><\/a><\/h4><\/div><div id=\"e81ddfbc15469dadf\" class=\"panel-collapse collapse \" aria-labelledby=\"toggle_e81ddfbc15469dadf\"><div class=\"panel-body toggle-content fusion-clearfix\"><\/div><\/div><\/div><\/div><\/div><div class=\"fusion-clearfix\"><\/div><\/div><\/div><div class=\"fusion-layout-column fusion_builder_column fusion-builder-column-2 fusion_builder_column_1_2 1_2 fusion-one-half fusion-column-last\" style=\"--awb-padding-top:30px;--awb-padding-right:30px;--awb-padding-bottom:30px;--awb-padding-left:30px;--awb-bg-color:#ffffff;--awb-bg-color-hover:#ffffff;--awb-bg-size:cover;--awb-border-color:#67b7e1;--awb-border-top:5px;--awb-border-style:solid;\"><div class=\"fusion-column-wrapper fusion-column-has-shadow fusion-flex-column-wrapper-legacy\"><div class=\"fusion-slider-sc fusion-flexslider-loading flexslider flexslider-hover-type-none\" data-slideshow_autoplay=\"1\" data-slideshow_smooth_height=\"0\" data-slideshow_speed=\"7000\" style=\"max-width:100%;height:100%;\"><ul class=\"slides\"><li class=\"image\"><span class=\"fusion-image-hover-element hover-type-none\"><img decoding=\"async\" src=\"https:\/\/www.tetraing.com\/wp-content\/uploads\/2016\/03\/vision-artificial-dalsa-opt.jpg\" width=\"525\" height=\"608\" \/><\/span><\/li><li class=\"image\"><span class=\"fusion-image-hover-element hover-type-none\"><img decoding=\"async\" src=\"https:\/\/www.tetraing.com\/wp-content\/uploads\/2016\/03\/robot-fanuc-opt.jpg\" width=\"525\" height=\"608\" \/><\/span><\/li><li class=\"image\"><span class=\"fusion-image-hover-element hover-type-none\"><img decoding=\"async\" src=\"https:\/\/www.tetraing.com\/wp-content\/uploads\/2016\/03\/fanuc-robot-opt.jpg\" width=\"525\" height=\"608\" \/><\/span><\/li><li class=\"image\"><span class=\"fusion-image-hover-element hover-type-none\"><img decoding=\"async\" src=\"https:\/\/www.tetraing.com\/wp-content\/uploads\/2016\/03\/robot-articulado-opt.jpg\" width=\"525\" height=\"608\" \/><\/span><\/li><li class=\"image\"><span class=\"fusion-image-hover-element hover-type-none\"><img decoding=\"async\" src=\"https:\/\/www.tetraing.com\/wp-content\/uploads\/2016\/03\/humanoide.jpg\" width=\"525\" height=\"608\" \/><\/span><\/li><\/ul><\/div><div class=\"fusion-clearfix\"><\/div><\/div><\/div><\/div><\/div>\n","protected":false},"excerpt":{"rendered":"","protected":false},"author":2,"featured_media":0,"parent":0,"menu_order":0,"comment_status":"closed","ping_status":"closed","template":"100-width.php","meta":{"footnotes":""},"class_list":["post-2554","page","type-page","status-publish","hentry"],"yoast_head":"<!-- This site is optimized with the Yoast SEO plugin v27.2 - https:\/\/yoast.com\/product\/yoast-seo-wordpress\/ -->\n<title>Technologies - Tetraing<\/title>\n<meta name=\"robots\" content=\"index, follow, max-snippet:-1, max-image-preview:large, max-video-preview:-1\" \/>\n<link rel=\"canonical\" href=\"https:\/\/www.tetraing.com\/fr\/technologies\/\" \/>\n<meta property=\"og:locale\" content=\"fr_FR\" \/>\n<meta property=\"og:type\" content=\"article\" \/>\n<meta property=\"og:title\" content=\"Technologies - Tetraing\" \/>\n<meta property=\"og:url\" content=\"https:\/\/www.tetraing.com\/fr\/technologies\/\" \/>\n<meta property=\"og:site_name\" content=\"Tetraing\" \/>\n<meta property=\"article:modified_time\" content=\"2022-06-07T11:15:28+00:00\" \/>\n<meta name=\"twitter:card\" content=\"summary_large_image\" \/>\n<meta name=\"twitter:label1\" content=\"Dur\u00e9e de lecture estim\u00e9e\" \/>\n\t<meta name=\"twitter:data1\" content=\"14 minutes\" \/>\n<script type=\"application\/ld+json\" class=\"yoast-schema-graph\">{\"@context\":\"https:\/\/schema.org\",\"@graph\":[{\"@type\":\"WebPage\",\"@id\":\"https:\/\/www.tetraing.com\/fr\/technologies\/\",\"url\":\"https:\/\/www.tetraing.com\/fr\/technologies\/\",\"name\":\"Technologies - Tetraing\",\"isPartOf\":{\"@id\":\"https:\/\/www.tetraing.com\/#website\"},\"datePublished\":\"2022-06-07T08:53:26+00:00\",\"dateModified\":\"2022-06-07T11:15:28+00:00\",\"breadcrumb\":{\"@id\":\"https:\/\/www.tetraing.com\/fr\/technologies\/#breadcrumb\"},\"inLanguage\":\"fr-FR\",\"potentialAction\":[{\"@type\":\"ReadAction\",\"target\":[\"https:\/\/www.tetraing.com\/fr\/technologies\/\"]}]},{\"@type\":\"BreadcrumbList\",\"@id\":\"https:\/\/www.tetraing.com\/fr\/technologies\/#breadcrumb\",\"itemListElement\":[{\"@type\":\"ListItem\",\"position\":1,\"name\":\"Portada\",\"item\":\"https:\/\/www.tetraing.com\/fr\/\"},{\"@type\":\"ListItem\",\"position\":2,\"name\":\"Technologies\"}]},{\"@type\":\"WebSite\",\"@id\":\"https:\/\/www.tetraing.com\/#website\",\"url\":\"https:\/\/www.tetraing.com\/\",\"name\":\"Tetraing\",\"description\":\"Tetraing\",\"potentialAction\":[{\"@type\":\"SearchAction\",\"target\":{\"@type\":\"EntryPoint\",\"urlTemplate\":\"https:\/\/www.tetraing.com\/?s={search_term_string}\"},\"query-input\":{\"@type\":\"PropertyValueSpecification\",\"valueRequired\":true,\"valueName\":\"search_term_string\"}}],\"inLanguage\":\"fr-FR\"}]}<\/script>\n<!-- \/ Yoast SEO plugin. -->","yoast_head_json":{"title":"Technologies - Tetraing","robots":{"index":"index","follow":"follow","max-snippet":"max-snippet:-1","max-image-preview":"max-image-preview:large","max-video-preview":"max-video-preview:-1"},"canonical":"https:\/\/www.tetraing.com\/fr\/technologies\/","og_locale":"fr_FR","og_type":"article","og_title":"Technologies - Tetraing","og_url":"https:\/\/www.tetraing.com\/fr\/technologies\/","og_site_name":"Tetraing","article_modified_time":"2022-06-07T11:15:28+00:00","twitter_card":"summary_large_image","twitter_misc":{"Dur\u00e9e de lecture estim\u00e9e":"14 minutes"},"schema":{"@context":"https:\/\/schema.org","@graph":[{"@type":"WebPage","@id":"https:\/\/www.tetraing.com\/fr\/technologies\/","url":"https:\/\/www.tetraing.com\/fr\/technologies\/","name":"Technologies - Tetraing","isPartOf":{"@id":"https:\/\/www.tetraing.com\/#website"},"datePublished":"2022-06-07T08:53:26+00:00","dateModified":"2022-06-07T11:15:28+00:00","breadcrumb":{"@id":"https:\/\/www.tetraing.com\/fr\/technologies\/#breadcrumb"},"inLanguage":"fr-FR","potentialAction":[{"@type":"ReadAction","target":["https:\/\/www.tetraing.com\/fr\/technologies\/"]}]},{"@type":"BreadcrumbList","@id":"https:\/\/www.tetraing.com\/fr\/technologies\/#breadcrumb","itemListElement":[{"@type":"ListItem","position":1,"name":"Portada","item":"https:\/\/www.tetraing.com\/fr\/"},{"@type":"ListItem","position":2,"name":"Technologies"}]},{"@type":"WebSite","@id":"https:\/\/www.tetraing.com\/#website","url":"https:\/\/www.tetraing.com\/","name":"Tetraing","description":"Tetraing","potentialAction":[{"@type":"SearchAction","target":{"@type":"EntryPoint","urlTemplate":"https:\/\/www.tetraing.com\/?s={search_term_string}"},"query-input":{"@type":"PropertyValueSpecification","valueRequired":true,"valueName":"search_term_string"}}],"inLanguage":"fr-FR"}]}},"_links":{"self":[{"href":"https:\/\/www.tetraing.com\/fr\/wp-json\/wp\/v2\/pages\/2554","targetHints":{"allow":["GET"]}}],"collection":[{"href":"https:\/\/www.tetraing.com\/fr\/wp-json\/wp\/v2\/pages"}],"about":[{"href":"https:\/\/www.tetraing.com\/fr\/wp-json\/wp\/v2\/types\/page"}],"author":[{"embeddable":true,"href":"https:\/\/www.tetraing.com\/fr\/wp-json\/wp\/v2\/users\/2"}],"replies":[{"embeddable":true,"href":"https:\/\/www.tetraing.com\/fr\/wp-json\/wp\/v2\/comments?post=2554"}],"version-history":[{"count":3,"href":"https:\/\/www.tetraing.com\/fr\/wp-json\/wp\/v2\/pages\/2554\/revisions"}],"predecessor-version":[{"id":2560,"href":"https:\/\/www.tetraing.com\/fr\/wp-json\/wp\/v2\/pages\/2554\/revisions\/2560"}],"wp:attachment":[{"href":"https:\/\/www.tetraing.com\/fr\/wp-json\/wp\/v2\/media?parent=2554"}],"curies":[{"name":"wp","href":"https:\/\/api.w.org\/{rel}","templated":true}]}}